{"id":208,"date":"2020-12-09T15:49:05","date_gmt":"2020-12-09T15:49:05","guid":{"rendered":"http:\/\/lieblingsmalerei.de\/?page_id=208"},"modified":"2023-05-11T15:03:57","modified_gmt":"2023-05-11T15:03:57","slug":"tierportrait-auf-stein","status":"publish","type":"page","link":"https:\/\/www.lieblingsmalerei.de\/herzlich-willkommen\/tierportrait-auf-stein\/","title":{"rendered":"Tierportrait auf Stein"},"content":{"rendered":"\t\t<div data-elementor-type=\"wp-page\" data-elementor-id=\"208\" class=\"elementor elementor-208\">\n\t\t\t\t\t\t\t\t\t<section class=\"elementor-section elementor-top-section elementor-element elementor-element-01b4e83 elementor-section-boxed elementor-section-height-default elementor-section-height-default\" data-id=\"01b4e83\" data-element_type=\"section\">\n\t\t\t\t\t\t<div class=\"elementor-container elementor-column-gap-default\">\n\t\t\t\t\t<div class=\"elementor-column elementor-col-50 elementor-top-column elementor-element elementor-element-1744fbf\" data-id=\"1744fbf\" data-element_type=\"column\">\n\t\t\t<div class=\"elementor-widget-wrap elementor-element-populated\">\n\t\t\t\t\t\t\t\t<div class=\"elementor-element elementor-element-cfb2526 elementor-widget elementor-widget-text-editor\" data-id=\"cfb2526\" data-element_type=\"widget\" data-widget_type=\"text-editor.default\">\n\t\t\t\t<div class=\"elementor-widget-container\">\n\t\t\t<style>\/*! elementor - v3.8.0 - 30-10-2022 *\/\n.elementor-widget-text-editor.elementor-drop-cap-view-stacked .elementor-drop-cap{background-color:#818a91;color:#fff}.elementor-widget-text-editor.elementor-drop-cap-view-framed .elementor-drop-cap{color:#818a91;border:3px solid;background-color:transparent}.elementor-widget-text-editor:not(.elementor-drop-cap-view-default) .elementor-drop-cap{margin-top:8px}.elementor-widget-text-editor:not(.elementor-drop-cap-view-default) .elementor-drop-cap-letter{width:1em;height:1em}.elementor-widget-text-editor .elementor-drop-cap{float:left;text-align:center;line-height:1;font-size:50px}.elementor-widget-text-editor .elementor-drop-cap-letter{display:inline-block}<\/style>\t\t\t\t<h6>Ich male Tierportraits auf Steine, genauer gesagt auf Flusskieselsteine.<\/h6>\n<p><span style=\"color: var( --e-global-color-text ); font-family: var( --e-global-typography-text-font-family ), Sans-serif; font-weight: var( --e-global-typography-text-font-weight );\">Dein Haustier verewigt auf einen Stein, handgemalt &#8211; etwas ganz individuelles und einzigartiges. Als emotionales Geschenk oder auch einfach f\u00fcr dich, als Erinnerung an dein Liebling oder als Dekoration f\u00fcr die \u00fcberdachte Terrasse oder in den 4-W\u00e4nden.&nbsp;<\/span><\/p>\t\t\t\t\t\t<\/div>\n\t\t\t\t<\/div>\n\t\t\t\t\t<\/div>\n\t\t<\/div>\n\t\t\t\t<div class=\"elementor-column elementor-col-50 elementor-top-column elementor-element elementor-element-b7cc855\" data-id=\"b7cc855\" data-element_type=\"column\">\n\t\t\t<div class=\"elementor-widget-wrap elementor-element-populated\">\n\t\t\t\t\t\t\t\t<div class=\"elementor-element elementor-element-64b8965 elementor-widget elementor-widget-image\" data-id=\"64b8965\" data-element_type=\"widget\" data-widget_type=\"image.default\">\n\t\t\t\t<div class=\"elementor-widget-container\">\n\t\t\t<style>\/*! elementor - v3.8.0 - 30-10-2022 *\/\n.elementor-widget-image{text-align:center}.elementor-widget-image a{display:inline-block}.elementor-widget-image a img[src$=\".svg\"]{width:48px}.elementor-widget-image img{vertical-align:middle;display:inline-block}<\/style>\t\t\t\t\t\t\t\t\t\t\t\t<img loading=\"lazy\" decoding=\"async\" width=\"768\" height=\"531\" src=\"https:\/\/www.lieblingsmalerei.de\/wp-content\/uploads\/2021\/10\/Hund-joy_stein-768x531.jpg\" class=\"attachment-medium_large size-medium_large\" alt=\"\" srcset=\"https:\/\/www.lieblingsmalerei.de\/wp-content\/uploads\/2021\/10\/Hund-joy_stein-768x531.jpg 768w, https:\/\/www.lieblingsmalerei.de\/wp-content\/uploads\/2021\/10\/Hund-joy_stein-600x415.jpg 600w, https:\/\/www.lieblingsmalerei.de\/wp-content\/uploads\/2021\/10\/Hund-joy_stein-300x207.jpg 300w, https:\/\/www.lieblingsmalerei.de\/wp-content\/uploads\/2021\/10\/Hund-joy_stein-87x60.jpg 87w, https:\/\/www.lieblingsmalerei.de\/wp-content\/uploads\/2021\/10\/Hund-joy_stein.jpg 926w\" sizes=\"(max-width: 768px) 100vw, 768px\" \/>\t\t\t\t\t\t\t\t\t\t\t\t\t\t\t<\/div>\n\t\t\t\t<\/div>\n\t\t\t\t\t<\/div>\n\t\t<\/div>\n\t\t\t\t\t\t\t<\/div>\n\t\t<\/section>\n\t\t\t\t<section class=\"elementor-section elementor-top-section elementor-element elementor-element-a8f5fda elementor-section-boxed elementor-section-height-default elementor-section-height-default\" data-id=\"a8f5fda\" data-element_type=\"section\">\n\t\t\t\t\t\t<div class=\"elementor-container elementor-column-gap-default\">\n\t\t\t\t\t<div class=\"elementor-column elementor-col-100 elementor-top-column elementor-element elementor-element-f17c9a9\" data-id=\"f17c9a9\" data-element_type=\"column\">\n\t\t\t<div class=\"elementor-widget-wrap elementor-element-populated\">\n\t\t\t\t\t\t\t\t<div class=\"elementor-element elementor-element-7608806 elementor-widget elementor-widget-text-editor\" data-id=\"7608806\" data-element_type=\"widget\" data-widget_type=\"text-editor.default\">\n\t\t\t\t<div class=\"elementor-widget-container\">\n\t\t\t\t\t\t\t<h6><span style=\"color: var( --e-global-color-text ); font-family: var( --e-global-typography-text-font-family ), Sans-serif; font-weight: var( --e-global-typography-text-font-weight ); font-size: 16px;\">Es sind alle Tierarten m\u00f6glich. Wichtig ist nur, dass man dein Tier gut erkennt und das Foto weder \u00fcberbelichtet &#8211; noch verpixelt ist. Du darfst nicht vergessen: Ich kenne leider dein Tier nicht &#8211; nur von diesem Foto. Am besten ist es, wenn man die Augen gut sieht &#8211; nicht umsonst sagt man, dass sie das Tor zur Seele sind. Je besser man sie sieht- desto realer wird dein Gem\u00e4lde werden.\u00a0\u00a0<\/span><\/h6><p><span style=\"color: var( --e-global-color-text ); font-family: var( --e-global-typography-text-font-family ), Sans-serif; font-weight: var( --e-global-typography-text-font-weight );\">Hier siehst du, wie das &#8222;ideale&#8220; Referenzfoto aussehen k\u00f6nnte, bzw. wie es nicht sein d\u00fcrfte. Wenn ihr unsicher seid, d\u00fcrft ihr mir jederzeit unverbindlich euer Foto von dem Tier schicken und ich sag euch, ob es gehen w\u00fcrde oder eher nicht geeignet ist.\u00a0<\/span><\/p>\t\t\t\t\t\t<\/div>\n\t\t\t\t<\/div>\n\t\t\t\t<div class=\"elementor-element elementor-element-3c511aa elementor-widget elementor-widget-text-editor\" data-id=\"3c511aa\" data-element_type=\"widget\" data-widget_type=\"text-editor.default\">\n\t\t\t\t<div class=\"elementor-widget-container\">\n\t\t\t\t\t\t\t\t\t\t\t\t\t<\/div>\n\t\t\t\t<\/div>\n\t\t\t\t\t<\/div>\n\t\t<\/div>\n\t\t\t\t\t\t\t<\/div>\n\t\t<\/section>\n\t\t\t\t<section class=\"elementor-section elementor-top-section elementor-element elementor-element-8b23b79 elementor-section-boxed elementor-section-height-default elementor-section-height-default\" data-id=\"8b23b79\" data-element_type=\"section\">\n\t\t\t\t\t\t<div class=\"elementor-container elementor-column-gap-default\">\n\t\t\t\t\t<div class=\"elementor-column elementor-col-100 elementor-top-column elementor-element elementor-element-07c75b1\" data-id=\"07c75b1\" data-element_type=\"column\">\n\t\t\t<div class=\"elementor-widget-wrap elementor-element-populated\">\n\t\t\t\t\t\t\t\t<div class=\"elementor-element elementor-element-9bead06 elementor-widget elementor-widget-image\" data-id=\"9bead06\" data-element_type=\"widget\" data-widget_type=\"image.default\">\n\t\t\t\t<div class=\"elementor-widget-container\">\n\t\t\t\t\t\t\t\t\t\t\t\t\t\t\t<img loading=\"lazy\" decoding=\"async\" width=\"843\" height=\"597\" src=\"https:\/\/www.lieblingsmalerei.de\/wp-content\/uploads\/2020\/12\/Bilderauswahl_Zeichenfl\u00e4che-1-Kopie.jpg\" class=\"attachment-large size-large\" alt=\"\" srcset=\"https:\/\/www.lieblingsmalerei.de\/wp-content\/uploads\/2020\/12\/Bilderauswahl_Zeichenfl\u00e4che-1-Kopie.jpg 843w, https:\/\/www.lieblingsmalerei.de\/wp-content\/uploads\/2020\/12\/Bilderauswahl_Zeichenfl\u00e4che-1-Kopie-600x425.jpg 600w, https:\/\/www.lieblingsmalerei.de\/wp-content\/uploads\/2020\/12\/Bilderauswahl_Zeichenfl\u00e4che-1-Kopie-300x212.jpg 300w, https:\/\/www.lieblingsmalerei.de\/wp-content\/uploads\/2020\/12\/Bilderauswahl_Zeichenfl\u00e4che-1-Kopie-768x544.jpg 768w, https:\/\/www.lieblingsmalerei.de\/wp-content\/uploads\/2020\/12\/Bilderauswahl_Zeichenfl\u00e4che-1-Kopie-210x149.jpg 210w\" sizes=\"(max-width: 843px) 100vw, 843px\" \/>\t\t\t\t\t\t\t\t\t\t\t\t\t\t\t<\/div>\n\t\t\t\t<\/div>\n\t\t\t\t\t<\/div>\n\t\t<\/div>\n\t\t\t\t\t\t\t<\/div>\n\t\t<\/section>\n\t\t\t\t<section class=\"elementor-section elementor-top-section elementor-element elementor-element-4fa384e elementor-section-boxed elementor-section-height-default elementor-section-height-default\" data-id=\"4fa384e\" data-element_type=\"section\">\n\t\t\t\t\t\t<div class=\"elementor-container elementor-column-gap-default\">\n\t\t\t\t\t<div class=\"elementor-column elementor-col-100 elementor-top-column elementor-element elementor-element-3c70ad3\" data-id=\"3c70ad3\" data-element_type=\"column\">\n\t\t\t<div class=\"elementor-widget-wrap elementor-element-populated\">\n\t\t\t\t\t\t\t\t<div class=\"elementor-element elementor-element-9027c2b elementor-widget elementor-widget-text-editor\" data-id=\"9027c2b\" data-element_type=\"widget\" data-widget_type=\"text-editor.default\">\n\t\t\t\t<div class=\"elementor-widget-container\">\n\t\t\t\t\t\t\t<p>\u00a0<\/p><p>Die Steine werden von mit mit der Hand nach deinem Referenzfoto gemalt. F\u00fcr eine Bestellung ben\u00f6tige ich nur ein Referenzbild von deinem Haustier und welche Daten auf dem Stein stehen sollen (Name, ggf. Sterbedatum etc.), gerne kannst du auch sonstige W\u00fcnsche anfragen (ggf. gegen Aufpreis).\u00a0<\/p><p>Ihr k\u00f6nnt bei den Steinen zwischen der Gr\u00f6\u00dfe von ca. 14 cm und ca. 18 cm w\u00e4hlen.\u00a0<\/p><p><strong style=\"color: var( --e-global-color-text ); font-family: var( --e-global-typography-text-font-family ), Sans-serif;\">Achtung:<\/strong><span style=\"color: var( --e-global-color-text ); font-family: var( --e-global-typography-text-font-family ), Sans-serif; font-weight: var( --e-global-typography-text-font-weight );\">\u00a0<\/span><span style=\"color: var( --e-global-color-text ); font-family: var( --e-global-typography-text-font-family ), Sans-serif; font-weight: var( --e-global-typography-text-font-weight );\">Alle meine Steine sind Flusskieselsteine und ein Naturprodukt. Das hei\u00dft, dass sie Kratzer, Dellen, Risse und Bruchstellen aufweisen k\u00f6nnen. Ich suche eigentlich nur gute Steine aus, trotzdem kann es vorkommen. Dies ist kein Reklamationsgrund.<\/span><\/p><p><span style=\"color: var( --e-global-color-text ); font-family: var( --e-global-typography-text-font-family ), Sans-serif; font-weight: var( --e-global-typography-text-font-weight );\">Wenn der Stein fertig ist, sende ich dir ein Foto zu. Ich m\u00f6chte nat\u00fcrlich, dass du zufrieden bist und dass dir das Bild gef\u00e4llt. Erst danach versende ich deinen Stein. So kaufst du keine &#8222;Katze im Sack&#8220;.<\/span><\/p><p>\u00a0<\/p><p><a href=\"https:\/\/www.lieblingsmalerei.de\/herzlich-willkommen\/preise\/\">Die Preise findest du hier.\u00a0<\/a><\/p>\t\t\t\t\t\t<\/div>\n\t\t\t\t<\/div>\n\t\t\t\t\t<\/div>\n\t\t<\/div>\n\t\t\t\t\t\t\t<\/div>\n\t\t<\/section>\n\t\t\t\t<section class=\"elementor-section elementor-top-section elementor-element elementor-element-05f316c elementor-section-boxed elementor-section-height-default elementor-section-height-default\" data-id=\"05f316c\" data-element_type=\"section\">\n\t\t\t\t\t\t<div class=\"elementor-container elementor-column-gap-default\">\n\t\t\t\t\t<div class=\"elementor-column elementor-col-100 elementor-top-column elementor-element elementor-element-8cc8da7\" data-id=\"8cc8da7\" data-element_type=\"column\">\n\t\t\t<div class=\"elementor-widget-wrap elementor-element-populated\">\n\t\t\t\t\t\t\t\t<div class=\"elementor-element elementor-element-9472780 elementor-widget-divider--view-line elementor-widget elementor-widget-divider\" data-id=\"9472780\" data-element_type=\"widget\" data-widget_type=\"divider.default\">\n\t\t\t\t<div class=\"elementor-widget-container\">\n\t\t\t<style>\/*! elementor - v3.8.0 - 30-10-2022 *\/\n.elementor-widget-divider{--divider-border-style:none;--divider-border-width:1px;--divider-color:#2c2c2c;--divider-icon-size:20px;--divider-element-spacing:10px;--divider-pattern-height:24px;--divider-pattern-size:20px;--divider-pattern-url:none;--divider-pattern-repeat:repeat-x}.elementor-widget-divider .elementor-divider{display:-webkit-box;display:-ms-flexbox;display:flex}.elementor-widget-divider .elementor-divider__text{font-size:15px;line-height:1;max-width:95%}.elementor-widget-divider .elementor-divider__element{margin:0 var(--divider-element-spacing);-ms-flex-negative:0;flex-shrink:0}.elementor-widget-divider .elementor-icon{font-size:var(--divider-icon-size)}.elementor-widget-divider .elementor-divider-separator{display:-webkit-box;display:-ms-flexbox;display:flex;margin:0;direction:ltr}.elementor-widget-divider--view-line_icon .elementor-divider-separator,.elementor-widget-divider--view-line_text .elementor-divider-separator{-webkit-box-align:center;-ms-flex-align:center;align-items:center}.elementor-widget-divider--view-line_icon .elementor-divider-separator:after,.elementor-widget-divider--view-line_icon .elementor-divider-separator:before,.elementor-widget-divider--view-line_text .elementor-divider-separator:after,.elementor-widget-divider--view-line_text .elementor-divider-separator:before{display:block;content:\"\";border-bottom:0;-webkit-box-flex:1;-ms-flex-positive:1;flex-grow:1;border-top:var(--divider-border-width) var(--divider-border-style) var(--divider-color)}.elementor-widget-divider--element-align-left .elementor-divider .elementor-divider-separator>.elementor-divider__svg:first-of-type{-webkit-box-flex:0;-ms-flex-positive:0;flex-grow:0;-ms-flex-negative:100;flex-shrink:100}.elementor-widget-divider--element-align-left .elementor-divider-separator:before{content:none}.elementor-widget-divider--element-align-left .elementor-divider__element{margin-left:0}.elementor-widget-divider--element-align-right .elementor-divider .elementor-divider-separator>.elementor-divider__svg:last-of-type{-webkit-box-flex:0;-ms-flex-positive:0;flex-grow:0;-ms-flex-negative:100;flex-shrink:100}.elementor-widget-divider--element-align-right .elementor-divider-separator:after{content:none}.elementor-widget-divider--element-align-right .elementor-divider__element{margin-right:0}.elementor-widget-divider:not(.elementor-widget-divider--view-line_text):not(.elementor-widget-divider--view-line_icon) .elementor-divider-separator{border-top:var(--divider-border-width) var(--divider-border-style) var(--divider-color)}.elementor-widget-divider--separator-type-pattern{--divider-border-style:none}.elementor-widget-divider--separator-type-pattern.elementor-widget-divider--view-line .elementor-divider-separator,.elementor-widget-divider--separator-type-pattern:not(.elementor-widget-divider--view-line) .elementor-divider-separator:after,.elementor-widget-divider--separator-type-pattern:not(.elementor-widget-divider--view-line) .elementor-divider-separator:before,.elementor-widget-divider--separator-type-pattern:not([class*=elementor-widget-divider--view]) .elementor-divider-separator{width:100%;min-height:var(--divider-pattern-height);-webkit-mask-size:var(--divider-pattern-size) 100%;mask-size:var(--divider-pattern-size) 100%;-webkit-mask-repeat:var(--divider-pattern-repeat);mask-repeat:var(--divider-pattern-repeat);background-color:var(--divider-color);-webkit-mask-image:var(--divider-pattern-url);mask-image:var(--divider-pattern-url)}.elementor-widget-divider--no-spacing{--divider-pattern-size:auto}.elementor-widget-divider--bg-round{--divider-pattern-repeat:round}.rtl .elementor-widget-divider .elementor-divider__text{direction:rtl}.e-con-inner>.elementor-widget-divider,.e-con>.elementor-widget-divider{width:var(--container-widget-width,100%)}<\/style>\t\t<div class=\"elementor-divider\">\n\t\t\t<span class=\"elementor-divider-separator\">\n\t\t\t\t\t\t<\/span>\n\t\t<\/div>\n\t\t\t\t<\/div>\n\t\t\t\t<\/div>\n\t\t\t\t\t<\/div>\n\t\t<\/div>\n\t\t\t\t\t\t\t<\/div>\n\t\t<\/section>\n\t\t\t\t<section class=\"elementor-section elementor-top-section elementor-element elementor-element-18af49b elementor-section-boxed elementor-section-height-default elementor-section-height-default\" data-id=\"18af49b\" data-element_type=\"section\">\n\t\t\t\t\t\t<div class=\"elementor-container elementor-column-gap-default\">\n\t\t\t\t\t<div class=\"elementor-column elementor-col-100 elementor-top-column elementor-element elementor-element-063872c\" data-id=\"063872c\" data-element_type=\"column\">\n\t\t\t<div class=\"elementor-widget-wrap elementor-element-populated\">\n\t\t\t\t\t\t\t\t<div class=\"elementor-element elementor-element-99b3161 elementor-arrows-position-inside elementor-pagination-position-outside elementor-widget elementor-widget-image-carousel\" data-id=\"99b3161\" data-element_type=\"widget\" data-settings=\"{&quot;slides_to_show&quot;:&quot;4&quot;,&quot;slides_to_scroll&quot;:&quot;1&quot;,&quot;navigation&quot;:&quot;both&quot;,&quot;autoplay&quot;:&quot;yes&quot;,&quot;pause_on_hover&quot;:&quot;yes&quot;,&quot;pause_on_interaction&quot;:&quot;yes&quot;,&quot;autoplay_speed&quot;:5000,&quot;infinite&quot;:&quot;yes&quot;,&quot;speed&quot;:500}\" data-widget_type=\"image-carousel.default\">\n\t\t\t\t<div class=\"elementor-widget-container\">\n\t\t\t<style>\/*! elementor - v3.8.0 - 30-10-2022 *\/\n.elementor-widget-image-carousel .swiper-container{position:static}.elementor-widget-image-carousel .swiper-container .swiper-slide figure{line-height:inherit}.elementor-widget-image-carousel .swiper-slide{text-align:center}.elementor-image-carousel-wrapper:not(.swiper-container-initialized) .swiper-slide{max-width:calc(100% \/ var(--e-image-carousel-slides-to-show, 3))}<\/style>\t\t<div class=\"elementor-image-carousel-wrapper swiper-container\" dir=\"ltr\">\n\t\t\t<div class=\"elementor-image-carousel swiper-wrapper\">\n\t\t\t\t\t\t\t\t<div class=\"swiper-slide\"><figure class=\"swiper-slide-inner\"><img decoding=\"async\" class=\"swiper-slide-image\" src=\"https:\/\/www.lieblingsmalerei.de\/wp-content\/uploads\/2023\/05\/image00016-925x540.jpeg\" alt=\"image00016\" \/><\/figure><\/div><div class=\"swiper-slide\"><figure class=\"swiper-slide-inner\"><img decoding=\"async\" class=\"swiper-slide-image\" src=\"https:\/\/www.lieblingsmalerei.de\/wp-content\/uploads\/2023\/05\/image00014-925x540.jpeg\" alt=\"image00014\" \/><\/figure><\/div><div class=\"swiper-slide\"><figure class=\"swiper-slide-inner\"><img decoding=\"async\" class=\"swiper-slide-image\" src=\"https:\/\/www.lieblingsmalerei.de\/wp-content\/uploads\/2023\/05\/image00001-925x540.jpeg\" alt=\"image00001\" \/><\/figure><\/div><div class=\"swiper-slide\"><figure class=\"swiper-slide-inner\"><img decoding=\"async\" class=\"swiper-slide-image\" src=\"https:\/\/www.lieblingsmalerei.de\/wp-content\/uploads\/2023\/05\/image00007-925x540.jpeg\" alt=\"image00007\" \/><\/figure><\/div><div class=\"swiper-slide\"><figure class=\"swiper-slide-inner\"><img decoding=\"async\" class=\"swiper-slide-image\" src=\"https:\/\/www.lieblingsmalerei.de\/wp-content\/uploads\/2023\/05\/image00008-925x540.jpeg\" alt=\"image00008\" \/><\/figure><\/div><div class=\"swiper-slide\"><figure class=\"swiper-slide-inner\"><img decoding=\"async\" class=\"swiper-slide-image\" src=\"https:\/\/www.lieblingsmalerei.de\/wp-content\/uploads\/2023\/05\/image00139-925x540.jpeg\" alt=\"image00139\" \/><\/figure><\/div><div class=\"swiper-slide\"><figure class=\"swiper-slide-inner\"><img decoding=\"async\" class=\"swiper-slide-image\" src=\"https:\/\/www.lieblingsmalerei.de\/wp-content\/uploads\/2023\/05\/image00141-925x540.jpeg\" alt=\"image00141\" \/><\/figure><\/div>\t\t\t<\/div>\n\t\t\t\t\t\t\t\t\t\t\t\t<div class=\"swiper-pagination\"><\/div>\n\t\t\t\t\t\t\t\t\t\t\t\t\t<div class=\"elementor-swiper-button elementor-swiper-button-prev\">\n\t\t\t\t\t\t<i aria-hidden=\"true\" class=\"eicon-chevron-left\"><\/i>\t\t\t\t\t\t<span class=\"elementor-screen-only\">Zur\u00fcck<\/span>\n\t\t\t\t\t<\/div>\n\t\t\t\t\t<div class=\"elementor-swiper-button elementor-swiper-button-next\">\n\t\t\t\t\t\t<i aria-hidden=\"true\" class=\"eicon-chevron-right\"><\/i>\t\t\t\t\t\t<span class=\"elementor-screen-only\">Weiter<\/span>\n\t\t\t\t\t<\/div>\n\t\t\t\t\t\t\t\t\t<\/div>\n\t\t\t\t<\/div>\n\t\t\t\t<\/div>\n\t\t\t\t\t<\/div>\n\t\t<\/div>\n\t\t\t\t\t\t\t<\/div>\n\t\t<\/section>\n\t\t\t\t<section class=\"elementor-section elementor-top-section elementor-element elementor-element-e98cb4d elementor-section-boxed elementor-section-height-default elementor-section-height-default\" data-id=\"e98cb4d\" data-element_type=\"section\">\n\t\t\t\t\t\t<div class=\"elementor-container elementor-column-gap-default\">\n\t\t\t\t\t<div class=\"elementor-column elementor-col-100 elementor-top-column elementor-element elementor-element-67a9293\" data-id=\"67a9293\" data-element_type=\"column\">\n\t\t\t<div class=\"elementor-widget-wrap elementor-element-populated\">\n\t\t\t\t\t\t\t\t<div class=\"elementor-element elementor-element-1da8f2f elementor-widget-divider--view-line elementor-widget elementor-widget-divider\" data-id=\"1da8f2f\" data-element_type=\"widget\" data-widget_type=\"divider.default\">\n\t\t\t\t<div class=\"elementor-widget-container\">\n\t\t\t\t\t<div class=\"elementor-divider\">\n\t\t\t<span class=\"elementor-divider-separator\">\n\t\t\t\t\t\t<\/span>\n\t\t<\/div>\n\t\t\t\t<\/div>\n\t\t\t\t<\/div>\n\t\t\t\t\t<\/div>\n\t\t<\/div>\n\t\t\t\t\t\t\t<\/div>\n\t\t<\/section>\n\t\t\t\t\t\t\t<\/div>\n\t\t","protected":false},"excerpt":{"rendered":"<p>Ich male Tierportraits auf Steine, genauer gesagt auf Flusskieselsteine. Dein Haustier verewigt auf einen Stein, handgemalt &#8211; etwas ganz individuelles und einzigartiges. Als emotionales Geschenk oder auch einfach f\u00fcr dich, als Erinnerung an dein Liebling oder als Dekoration f\u00fcr die \u00fcberdachte Terrasse oder in den 4-W\u00e4nden.&nbsp; Es sind alle Tierarten m\u00f6glich. Wichtig ist nur, dass &hellip; <\/p>\n","protected":false},"author":1,"featured_media":0,"parent":0,"menu_order":0,"comment_status":"closed","ping_status":"closed","template":"","meta":{"footnotes":""},"class_list":["post-208","page","type-page","status-publish","hentry"],"_links":{"self":[{"href":"https:\/\/www.lieblingsmalerei.de\/herzlich-willkommen\/wp-json\/wp\/v2\/pages\/208"}],"collection":[{"href":"https:\/\/www.lieblingsmalerei.de\/herzlich-willkommen\/wp-json\/wp\/v2\/pages"}],"about":[{"href":"https:\/\/www.lieblingsmalerei.de\/herzlich-willkommen\/wp-json\/wp\/v2\/types\/page"}],"author":[{"embeddable":true,"href":"https:\/\/www.lieblingsmalerei.de\/herzlich-willkommen\/wp-json\/wp\/v2\/users\/1"}],"replies":[{"embeddable":true,"href":"https:\/\/www.lieblingsmalerei.de\/herzlich-willkommen\/wp-json\/wp\/v2\/comments?post=208"}],"version-history":[{"count":42,"href":"https:\/\/www.lieblingsmalerei.de\/herzlich-willkommen\/wp-json\/wp\/v2\/pages\/208\/revisions"}],"predecessor-version":[{"id":633,"href":"https:\/\/www.lieblingsmalerei.de\/herzlich-willkommen\/wp-json\/wp\/v2\/pages\/208\/revisions\/633"}],"wp:attachment":[{"href":"https:\/\/www.lieblingsmalerei.de\/herzlich-willkommen\/wp-json\/wp\/v2\/media?parent=208"}],"curies":[{"name":"wp","href":"https:\/\/api.w.org\/{rel}","templated":true}]}}