{"id":37,"date":"2020-05-14T10:17:11","date_gmt":"2020-05-14T10:17:11","guid":{"rendered":"http:\/\/lieblingsmalerei.de\/?page_id=37"},"modified":"2022-09-19T09:10:11","modified_gmt":"2022-09-19T09:10:11","slug":"impressum","status":"publish","type":"page","link":"https:\/\/www.lieblingsmalerei.de\/herzlich-willkommen\/impressum\/","title":{"rendered":"Impressum"},"content":{"rendered":"<p><!--StartFragment--><\/p>\n\n\n<p>Lieblingsmalerei<br><br>Stefanie M\u00fchlhaus-Golling<br>Am Heinig 4<br>97727 Fuchsstadt<br><br>Mobil: 0178 449 32 18<br>E-Mail: <a href=\"mailto:info@lieblingsmalerei.de\">info@lieblingsmalerei.de<\/a><\/p>\n\n\n\n<p>\n    <strong>1. Haftungsbeschr\u00e4nkung&nbsp;<\/strong>\n<\/p>\n\n\n\n<p>\n    Die Inhalte dieser Website werden mit gr\u00f6\u00dftm\u00f6glicher Sorgfalt \nerstellt. Der Anbieter \u00fcbernimmt jedoch keine Gew\u00e4hr f\u00fcr die \nRichtigkeit, Vollst\u00e4ndigkeit und Aktualit\u00e4t der bereitgestellten\n    Inhalte. Die Nutzung der Inhalte der Website erfolgt auf eigene \nGefahr des Nutzers. Namentlich gekennzeichnete Beitr\u00e4ge geben die \nMeinung des jeweiligen Autors und nicht immer die Meinung des\n    Anbieters wieder. Mit der reinen Nutzung der Website des Anbieters \nkommt keinerlei Vertragsverh\u00e4ltnis zwischen dem Nutzer und dem Anbieter \nzustande.\n<\/p>\n\n\n\n<p>\n    <strong>2. Externe Links&nbsp;<\/strong>\n<\/p>\n\n\n\n<p>\n    Diese Website enth\u00e4lt Verkn\u00fcpfungen zu Websites Dritter (\u201cexterne \nLinks\u201d). Diese Websites unterliegen der Haftung der jeweiligen \nBetreiber. Der Anbieter hat bei der erstmaligen Verkn\u00fcpfung der\n    externen Links die fremden Inhalte daraufhin \u00fcberpr\u00fcft, ob etwaige \nRechtsverst\u00f6\u00dfe bestehen. Zu dem Zeitpunkt waren keine Rechtsverst\u00f6\u00dfe \nersichtlich. Der Anbieter hat keinerlei Einfluss auf die\n    aktuelle und zuk\u00fcnftige Gestaltung und auf die Inhalte der \nverkn\u00fcpften Seiten. Das Setzen von externen Links bedeutet nicht, dass \nsich der Anbieter die hinter dem Verweis oder Link liegenden\n    Inhalte zu Eigen macht. Eine st\u00e4ndige Kontrolle der externen Links \nist f\u00fcr den Anbieter ohne konkrete Hinweise auf Rechtsverst\u00f6\u00dfe nicht \nzumutbar. Bei Kenntnis von Rechtsverst\u00f6\u00dfen werden jedoch\n    derartige externe Links unverz\u00fcglich gel\u00f6scht.\n<\/p>\n\n\n\n<p>\n    <strong>3. Urheber- und Leistungsschutzrechte&nbsp;<\/strong>\n<\/p>\n\n\n\n<p>\n    Die auf dieser Website ver\u00f6ffentlichten Inhalte unterliegen dem \ndeutschen Urheber- und Leistungsschutzrecht. Jede vom deutschen Urheber-\n und Leistungsschutzrecht nicht zugelassene Verwertung\n    bedarf der vorherigen schriftlichen Zustimmung des Anbieters oder \njeweiligen Rechteinhabers. Dies gilt insbesondere f\u00fcr Vervielf\u00e4ltigung, \nBearbeitung, \u00dcbersetzung, Einspeicherung, Verarbeitung\n    bzw. Wiedergabe von Inhalten in Datenbanken oder anderen \nelektronischen Medien und Systemen. Inhalte und Rechte Dritter sind \ndabei als solche gekennzeichnet. Die unerlaubte Vervielf\u00e4ltigung oder\n    Weitergabe einzelner Inhalte oder kompletter Seiten ist nicht \ngestattet und strafbar. Lediglich die Herstellung von Kopien und \nDownloads f\u00fcr den pers\u00f6nlichen, privaten und nicht kommerziellen\n    Gebrauch ist erlaubt.\n<\/p>\n\n\n\n<p>\n    Die Darstellung dieser Website in fremden Frames ist nur mit schriftlicher Erlaubnis zul\u00e4ssig.\n<\/p>\n\n\n\n<p>\n    <strong>4. Datenschutz&nbsp;<\/strong>\n<\/p>\n\n\n\n<p>\n    Durch den Besuch der Website des Anbieters k\u00f6nnen Informationen \u00fcber\n den Zugriff (Datum, Uhrzeit, betrachtete Seite) gespeichert werden. \nDiese Daten geh\u00f6ren nicht zu den personenbezogenen Daten,\n    sondern sind anonymisiert. Sie werden ausschlie\u00dflich zu \nstatistischen Zwecken ausgewertet. Eine Weitergabe an Dritte, zu \nkommerziellen oder nichtkommerziellen Zwecken, findet nicht statt.\n<\/p>\n\n\n\n<p>\n    Der Anbieter weist ausdr\u00fccklich darauf hin, dass die \nDaten\u00fcbertragung im Internet (z.B. bei der Kommunikation per E-Mail) \nSicherheitsl\u00fccken aufweisen und nicht l\u00fcckenlos vor dem Zugriff durch\n    Dritte gesch\u00fctzt werden kann.\n<\/p>\n\n\n\n<p>\n    Die Verwendung der Kontaktdaten des Impressums zur gewerblichen \nWerbung ist ausdr\u00fccklich nicht erw\u00fcnscht, es sei denn der Anbieter hatte\n zuvor seine schriftliche Einwilligung erteilt oder es\n    besteht bereits eine Gesch\u00e4ftsbeziehung. Der Anbieter und alle auf \ndieser Website genannten Personen widersprechen hiermit jeder \nkommerziellen Verwendung und Weitergabe ihrer Daten.\n<\/p>\n\n\n\n<p>\n    <strong>5. Besondere Nutzungsbedingungen&nbsp;<\/strong>\n<\/p>\n\n\n\n<p>\n    Soweit besondere Bedingungen f\u00fcr einzelne Nutzungen dieser Website \nvon den vorgenannten Nummern 1. bis 4. abweichen, wird an entsprechender\n Stelle ausdr\u00fccklich darauf hingewiesen. In diesem Falle\n    gelten im jeweiligen Einzelfall die besonderen Nutzungsbedingungen.\n<\/p>\n\n\n\n<p>\n    <strong>6.Haftung&nbsp;<\/strong>\n<\/p>\n\n\n\n<p>\n    Der gesamte Inhalt dieser Websites ist urheberrechtlich gesch\u00fctzt. \nDas Herunterladen oder Ausdrucken einzelner Seiten und\/oder Teilbereiche\n ist nur insoweit gestattet, als es von dem zur\n    Verf\u00fcgung gestellten Zweck gedeckt ist. Copyrightvermerke d\u00fcrfen \nnicht entfernt oder ver\u00e4ndert werden. Jegliche Vervielf\u00e4ltigung, \n\u00dcbermittlung oder Bearbeitung ist au\u00dferhalb der engen Grenzen des\n    Urheberrechts ohne vorherige schriftliche Zustimmung des Urhebers \nuntersagt.\n<\/p>\n\n\n\n<p>\n    Kinderzimmerpaparazzi.de versucht nach besten Kr\u00e4ften, die \nZuverl\u00e4ssigkeit und Fehlerfreiheit der pr\u00e4sentierten Informationen \nsicherzustellen. Eine Haftung f\u00fcr Verluste oder Sch\u00e4den irgendwelcher\n    Art, die direkt oder indirekt im Zusammenhang mit dem Zugriff der \nBenutzung der Leistung oder der Anfrage auf diesen Webseiten oder mit \nderen Verkn\u00fcpfungen mit anderen Webseiten zusammenh\u00e4ngen,\n    kann Kinderzimmerpaparazzi.de nicht \u00fcbernehmen.\n<\/p>\n\n\n\n<p>\n    <strong>7. Copyright&nbsp;<\/strong>\n<\/p>\n\n\n\n<p>\n    Das Copyright an allen Bildern und Texten auf dieser Webseite liegt \nausschlie\u00dflich bei dem Betreiber dieser Seiten. Jede nicht authorisierte\n Verwendung \u2013 egal ob kommerziell oder nicht\n    kommerziell \u2013 ist untersagt und wird gegebenenfalls rechtlich \nverfolgt. Dieses bezieht sich im Besonderen auch auf das illegale \nkopieren und Nutzen \u2013 egal ob in elektronischen oder gedruckten\n    Publikationen \u2013 der auf diesen Seiten gezeigten Bilder und \nFotografien. Bei nicht genehmigter Nutzung f\u00e4llt das f\u00fcnffache Honrar \nan.\n<\/p>\n\n\n\n<p>\n    In diesem Zusammenhang bin ich f\u00fcr alle Hinweise \u00fcber unrechtm\u00e4\u00dfig genutztes Material sehr dankbar.&nbsp;\n<\/p>\n\n\n<p><!--EndFragment--><\/p>","protected":false},"excerpt":{"rendered":"<p>Lieblingsmalerei Stefanie M\u00fchlhaus-GollingAm Heinig 497727 Fuchsstadt Mobil: 0178 449 32 18E-Mail: info@lieblingsmalerei.de 1. Haftungsbeschr\u00e4nkung&nbsp; Die Inhalte dieser Website werden mit gr\u00f6\u00dftm\u00f6glicher Sorgfalt erstellt. Der Anbieter \u00fcbernimmt jedoch keine Gew\u00e4hr f\u00fcr die Richtigkeit, Vollst\u00e4ndigkeit und Aktualit\u00e4t der bereitgestellten Inhalte. Die Nutzung der Inhalte der Website erfolgt auf eigene Gefahr des Nutzers. Namentlich gekennzeichnete Beitr\u00e4ge geben die &hellip; <\/p>\n","protected":false},"author":1,"featured_media":0,"parent":0,"menu_order":0,"comment_status":"closed","ping_status":"closed","template":"","meta":{"footnotes":""},"class_list":["post-37","page","type-page","status-publish","hentry"],"_links":{"self":[{"href":"https:\/\/www.lieblingsmalerei.de\/herzlich-willkommen\/wp-json\/wp\/v2\/pages\/37"}],"collection":[{"href":"https:\/\/www.lieblingsmalerei.de\/herzlich-willkommen\/wp-json\/wp\/v2\/pages"}],"about":[{"href":"https:\/\/www.lieblingsmalerei.de\/herzlich-willkommen\/wp-json\/wp\/v2\/types\/page"}],"author":[{"embeddable":true,"href":"https:\/\/www.lieblingsmalerei.de\/herzlich-willkommen\/wp-json\/wp\/v2\/users\/1"}],"replies":[{"embeddable":true,"href":"https:\/\/www.lieblingsmalerei.de\/herzlich-willkommen\/wp-json\/wp\/v2\/comments?post=37"}],"version-history":[{"count":2,"href":"https:\/\/www.lieblingsmalerei.de\/herzlich-willkommen\/wp-json\/wp\/v2\/pages\/37\/revisions"}],"predecessor-version":[{"id":411,"href":"https:\/\/www.lieblingsmalerei.de\/herzlich-willkommen\/wp-json\/wp\/v2\/pages\/37\/revisions\/411"}],"wp:attachment":[{"href":"https:\/\/www.lieblingsmalerei.de\/herzlich-willkommen\/wp-json\/wp\/v2\/media?parent=37"}],"curies":[{"name":"wp","href":"https:\/\/api.w.org\/{rel}","templated":true}]}}