{"id":567,"date":"2023-05-11T13:12:49","date_gmt":"2023-05-11T13:12:49","guid":{"rendered":"https:\/\/www.lieblingsmalerei.de\/herzlich-willkommen\/?page_id=567"},"modified":"2025-10-01T14:29:00","modified_gmt":"2025-10-01T14:29:00","slug":"preise","status":"publish","type":"page","link":"https:\/\/www.lieblingsmalerei.de\/herzlich-willkommen\/preise\/","title":{"rendered":"Preise"},"content":{"rendered":"\t\t<div data-elementor-type=\"wp-page\" data-elementor-id=\"567\" class=\"elementor elementor-567\">\n\t\t\t\t\t\t\t\t\t<section class=\"elementor-section elementor-top-section elementor-element elementor-element-c216753 elementor-section-boxed elementor-section-height-default elementor-section-height-default\" data-id=\"c216753\" data-element_type=\"section\">\n\t\t\t\t\t\t<div class=\"elementor-container elementor-column-gap-default\">\n\t\t\t\t\t<div class=\"elementor-column elementor-col-50 elementor-top-column elementor-element elementor-element-505b077\" data-id=\"505b077\" data-element_type=\"column\">\n\t\t\t<div class=\"elementor-widget-wrap elementor-element-populated\">\n\t\t\t\t\t\t\t\t<div class=\"elementor-element elementor-element-598b569 elementor-widget elementor-widget-image\" data-id=\"598b569\" data-element_type=\"widget\" data-widget_type=\"image.default\">\n\t\t\t\t<div class=\"elementor-widget-container\">\n\t\t\t<style>\/*! elementor - v3.8.0 - 30-10-2022 *\/\n.elementor-widget-image{text-align:center}.elementor-widget-image a{display:inline-block}.elementor-widget-image a img[src$=\".svg\"]{width:48px}.elementor-widget-image img{vertical-align:middle;display:inline-block}<\/style>\t\t\t\t\t\t\t\t\t\t\t\t<img decoding=\"async\" src=\"https:\/\/www.lieblingsmalerei.de\/wp-content\/uploads\/elementor\/thumbs\/image00001-scaled-q6asqqbhwdi32l9s0opfbwwsxcvlts31bgp75qmb0g.jpeg\" title=\"image00001\" alt=\"image00001\" \/>\t\t\t\t\t\t\t\t\t\t\t\t\t\t\t<\/div>\n\t\t\t\t<\/div>\n\t\t\t\t<div class=\"elementor-element elementor-element-356769b elementor-widget elementor-widget-image\" data-id=\"356769b\" data-element_type=\"widget\" data-widget_type=\"image.default\">\n\t\t\t\t<div class=\"elementor-widget-container\">\n\t\t\t\t\t\t\t\t\t\t\t\t\t\t\t<img loading=\"lazy\" decoding=\"async\" width=\"1320\" height=\"540\" src=\"https:\/\/www.lieblingsmalerei.de\/wp-content\/uploads\/2023\/05\/image00002-1320x540.jpeg\" class=\"attachment-blossom-fashion-fullwidth size-blossom-fashion-fullwidth\" alt=\"\" \/>\t\t\t\t\t\t\t\t\t\t\t\t\t\t\t<\/div>\n\t\t\t\t<\/div>\n\t\t\t\t<div class=\"elementor-element elementor-element-42e451f elementor-widget elementor-widget-image\" data-id=\"42e451f\" data-element_type=\"widget\" data-widget_type=\"image.default\">\n\t\t\t\t<div class=\"elementor-widget-container\">\n\t\t\t\t\t\t\t\t\t\t\t\t\t\t\t<img loading=\"lazy\" decoding=\"async\" width=\"925\" height=\"639\" src=\"https:\/\/www.lieblingsmalerei.de\/wp-content\/uploads\/2025\/10\/Balu_Katze_BeispielBild_Digital_Basic-Kopie.jpg\" class=\"attachment-large size-large\" alt=\"\" srcset=\"https:\/\/www.lieblingsmalerei.de\/wp-content\/uploads\/2025\/10\/Balu_Katze_BeispielBild_Digital_Basic-Kopie.jpg 926w, https:\/\/www.lieblingsmalerei.de\/wp-content\/uploads\/2025\/10\/Balu_Katze_BeispielBild_Digital_Basic-Kopie-300x207.jpg 300w, https:\/\/www.lieblingsmalerei.de\/wp-content\/uploads\/2025\/10\/Balu_Katze_BeispielBild_Digital_Basic-Kopie-768x531.jpg 768w, https:\/\/www.lieblingsmalerei.de\/wp-content\/uploads\/2025\/10\/Balu_Katze_BeispielBild_Digital_Basic-Kopie-87x60.jpg 87w, https:\/\/www.lieblingsmalerei.de\/wp-content\/uploads\/2025\/10\/Balu_Katze_BeispielBild_Digital_Basic-Kopie-600x415.jpg 600w\" sizes=\"(max-width: 925px) 100vw, 925px\" \/>\t\t\t\t\t\t\t\t\t\t\t\t\t\t\t<\/div>\n\t\t\t\t<\/div>\n\t\t\t\t\t<\/div>\n\t\t<\/div>\n\t\t\t\t<div class=\"elementor-column elementor-col-50 elementor-top-column elementor-element elementor-element-0f68d84\" data-id=\"0f68d84\" data-element_type=\"column\">\n\t\t\t<div class=\"elementor-widget-wrap elementor-element-populated\">\n\t\t\t\t\t\t\t\t<div class=\"elementor-element elementor-element-fe53508 elementor-widget elementor-widget-text-editor\" data-id=\"fe53508\" data-element_type=\"widget\" data-widget_type=\"text-editor.default\">\n\t\t\t\t<div class=\"elementor-widget-container\">\n\t\t\t<style>\/*! elementor - v3.8.0 - 30-10-2022 *\/\n.elementor-widget-text-editor.elementor-drop-cap-view-stacked .elementor-drop-cap{background-color:#818a91;color:#fff}.elementor-widget-text-editor.elementor-drop-cap-view-framed .elementor-drop-cap{color:#818a91;border:3px solid;background-color:transparent}.elementor-widget-text-editor:not(.elementor-drop-cap-view-default) .elementor-drop-cap{margin-top:8px}.elementor-widget-text-editor:not(.elementor-drop-cap-view-default) .elementor-drop-cap-letter{width:1em;height:1em}.elementor-widget-text-editor .elementor-drop-cap{float:left;text-align:center;line-height:1;font-size:50px}.elementor-widget-text-editor .elementor-drop-cap-letter{display:inline-block}<\/style>\t\t\t\t<p>Preise f\u00fcr bemalte Steine mit einem Tierportrait<\/p>\n<p><strong>Gr\u00f6\u00dfe: ca. 10 cm &#8211; 44,99 \u20ac<\/strong>&nbsp;<\/p>\n<p><strong>Gr\u00f6\u00dfe: ca. 14 cm &#8211; 49,99 \u20ac<\/strong>&nbsp;<\/p>\n<p>Die Preise gelten pro Motiv auf einem Stein. Bei einem weiteren Motiv auf denselben Stein (geht nur ab einer Gr\u00f6\u00dfe von 14 cm) fallen pro weiteres Motiv +30,00\u20ac an.<\/p>\n<p>Versand kostet einmalig deutschlandweit 4,90 \u20ac<\/p>\n<p><strong style=\"color: var( --e-global-color-text ); font-family: var( --e-global-typography-text-font-family ), Sans-serif;\">Achtung:<\/strong><span style=\"color: var( --e-global-color-text ); font-family: var( --e-global-typography-text-font-family ), Sans-serif; font-weight: var( --e-global-typography-text-font-weight );\">&nbsp;Der Stein bekommt von mir noch eine Schutzschicht. Trotzdem empfehle ich, den Stein drinnen zu lagern und im Haus eine kleine Gedenkst\u00e4tte einzurichten, anstatt drau\u00dfen. Drau\u00dfen wird die Farbe irgendwann vermutlich abplatzen und so habt ihr dann l\u00e4nger Freude am Stein.<\/span><\/p>\n<p><span style=\"color: var( --e-global-color-text ); font-family: var( --e-global-typography-text-font-family ), Sans-serif; font-weight: var( --e-global-typography-text-font-weight );\">Ich biete zus\u00e4tzlich noch an, euch eine digitale Version von dem gemalten Motiv zu erstellen (+ 30 \u20ac). So geht die Kunst auf ewig nicht verloren und ihr k\u00f6nnt euch Printprodukte mit dem hochaufl\u00f6senden Motiv erstellen. Auf Wunsch erstelle ich auch ein Plash Cover Poster, das ihr bei mir erwerben k\u00f6nnt (Druck extern \u00fcber Partner mit Aufpreis von zus\u00e4tzlich zum digitalen Motiv 20 \u20ac).&nbsp;<\/span><\/p>\n<p><\/p>\t\t\t\t\t\t<\/div>\n\t\t\t\t<\/div>\n\t\t\t\t<div class=\"elementor-element elementor-element-75016f8 elementor-widget elementor-widget-image\" data-id=\"75016f8\" data-element_type=\"widget\" data-widget_type=\"image.default\">\n\t\t\t\t<div class=\"elementor-widget-container\">\n\t\t\t\t\t\t\t\t\t\t\t\t\t\t\t<img loading=\"lazy\" decoding=\"async\" width=\"925\" height=\"639\" src=\"https:\/\/www.lieblingsmalerei.de\/wp-content\/uploads\/2025\/10\/Balu_Katze_BeispielBild_Digital_Plakat.jpg\" class=\"attachment-large size-large\" alt=\"\" srcset=\"https:\/\/www.lieblingsmalerei.de\/wp-content\/uploads\/2025\/10\/Balu_Katze_BeispielBild_Digital_Plakat.jpg 926w, https:\/\/www.lieblingsmalerei.de\/wp-content\/uploads\/2025\/10\/Balu_Katze_BeispielBild_Digital_Plakat-300x207.jpg 300w, https:\/\/www.lieblingsmalerei.de\/wp-content\/uploads\/2025\/10\/Balu_Katze_BeispielBild_Digital_Plakat-768x531.jpg 768w, https:\/\/www.lieblingsmalerei.de\/wp-content\/uploads\/2025\/10\/Balu_Katze_BeispielBild_Digital_Plakat-87x60.jpg 87w, https:\/\/www.lieblingsmalerei.de\/wp-content\/uploads\/2025\/10\/Balu_Katze_BeispielBild_Digital_Plakat-600x415.jpg 600w\" sizes=\"(max-width: 925px) 100vw, 925px\" \/>\t\t\t\t\t\t\t\t\t\t\t\t\t\t\t<\/div>\n\t\t\t\t<\/div>\n\t\t\t\t\t<\/div>\n\t\t<\/div>\n\t\t\t\t\t\t\t<\/div>\n\t\t<\/section>\n\t\t\t\t<section class=\"elementor-section elementor-top-section elementor-element elementor-element-18485e8 elementor-section-boxed elementor-section-height-default elementor-section-height-default\" data-id=\"18485e8\" data-element_type=\"section\">\n\t\t\t\t\t\t<div class=\"elementor-container elementor-column-gap-default\">\n\t\t\t\t\t<div class=\"elementor-column elementor-col-100 elementor-top-column elementor-element elementor-element-9385fde\" data-id=\"9385fde\" data-element_type=\"column\">\n\t\t\t<div class=\"elementor-widget-wrap elementor-element-populated\">\n\t\t\t\t\t\t\t\t<div class=\"elementor-element elementor-element-2b98d37 elementor-widget-divider--view-line elementor-widget elementor-widget-divider\" data-id=\"2b98d37\" data-element_type=\"widget\" data-widget_type=\"divider.default\">\n\t\t\t\t<div class=\"elementor-widget-container\">\n\t\t\t<style>\/*! elementor - v3.8.0 - 30-10-2022 *\/\n.elementor-widget-divider{--divider-border-style:none;--divider-border-width:1px;--divider-color:#2c2c2c;--divider-icon-size:20px;--divider-element-spacing:10px;--divider-pattern-height:24px;--divider-pattern-size:20px;--divider-pattern-url:none;--divider-pattern-repeat:repeat-x}.elementor-widget-divider .elementor-divider{display:-webkit-box;display:-ms-flexbox;display:flex}.elementor-widget-divider .elementor-divider__text{font-size:15px;line-height:1;max-width:95%}.elementor-widget-divider .elementor-divider__element{margin:0 var(--divider-element-spacing);-ms-flex-negative:0;flex-shrink:0}.elementor-widget-divider .elementor-icon{font-size:var(--divider-icon-size)}.elementor-widget-divider .elementor-divider-separator{display:-webkit-box;display:-ms-flexbox;display:flex;margin:0;direction:ltr}.elementor-widget-divider--view-line_icon .elementor-divider-separator,.elementor-widget-divider--view-line_text .elementor-divider-separator{-webkit-box-align:center;-ms-flex-align:center;align-items:center}.elementor-widget-divider--view-line_icon .elementor-divider-separator:after,.elementor-widget-divider--view-line_icon .elementor-divider-separator:before,.elementor-widget-divider--view-line_text .elementor-divider-separator:after,.elementor-widget-divider--view-line_text .elementor-divider-separator:before{display:block;content:\"\";border-bottom:0;-webkit-box-flex:1;-ms-flex-positive:1;flex-grow:1;border-top:var(--divider-border-width) var(--divider-border-style) var(--divider-color)}.elementor-widget-divider--element-align-left .elementor-divider .elementor-divider-separator>.elementor-divider__svg:first-of-type{-webkit-box-flex:0;-ms-flex-positive:0;flex-grow:0;-ms-flex-negative:100;flex-shrink:100}.elementor-widget-divider--element-align-left .elementor-divider-separator:before{content:none}.elementor-widget-divider--element-align-left .elementor-divider__element{margin-left:0}.elementor-widget-divider--element-align-right .elementor-divider .elementor-divider-separator>.elementor-divider__svg:last-of-type{-webkit-box-flex:0;-ms-flex-positive:0;flex-grow:0;-ms-flex-negative:100;flex-shrink:100}.elementor-widget-divider--element-align-right .elementor-divider-separator:after{content:none}.elementor-widget-divider--element-align-right .elementor-divider__element{margin-right:0}.elementor-widget-divider:not(.elementor-widget-divider--view-line_text):not(.elementor-widget-divider--view-line_icon) .elementor-divider-separator{border-top:var(--divider-border-width) var(--divider-border-style) var(--divider-color)}.elementor-widget-divider--separator-type-pattern{--divider-border-style:none}.elementor-widget-divider--separator-type-pattern.elementor-widget-divider--view-line .elementor-divider-separator,.elementor-widget-divider--separator-type-pattern:not(.elementor-widget-divider--view-line) .elementor-divider-separator:after,.elementor-widget-divider--separator-type-pattern:not(.elementor-widget-divider--view-line) .elementor-divider-separator:before,.elementor-widget-divider--separator-type-pattern:not([class*=elementor-widget-divider--view]) .elementor-divider-separator{width:100%;min-height:var(--divider-pattern-height);-webkit-mask-size:var(--divider-pattern-size) 100%;mask-size:var(--divider-pattern-size) 100%;-webkit-mask-repeat:var(--divider-pattern-repeat);mask-repeat:var(--divider-pattern-repeat);background-color:var(--divider-color);-webkit-mask-image:var(--divider-pattern-url);mask-image:var(--divider-pattern-url)}.elementor-widget-divider--no-spacing{--divider-pattern-size:auto}.elementor-widget-divider--bg-round{--divider-pattern-repeat:round}.rtl .elementor-widget-divider .elementor-divider__text{direction:rtl}.e-con-inner>.elementor-widget-divider,.e-con>.elementor-widget-divider{width:var(--container-widget-width,100%)}<\/style>\t\t<div class=\"elementor-divider\">\n\t\t\t<span class=\"elementor-divider-separator\">\n\t\t\t\t\t\t<\/span>\n\t\t<\/div>\n\t\t\t\t<\/div>\n\t\t\t\t<\/div>\n\t\t\t\t\t<\/div>\n\t\t<\/div>\n\t\t\t\t\t\t\t<\/div>\n\t\t<\/section>\n\t\t\t\t<section class=\"elementor-section elementor-top-section elementor-element elementor-element-72d764c elementor-section-boxed elementor-section-height-default elementor-section-height-default\" data-id=\"72d764c\" data-element_type=\"section\">\n\t\t\t\t\t\t<div class=\"elementor-container elementor-column-gap-default\">\n\t\t\t\t\t<div class=\"elementor-column elementor-col-50 elementor-top-column elementor-element elementor-element-2f92d4e\" data-id=\"2f92d4e\" data-element_type=\"column\">\n\t\t\t<div class=\"elementor-widget-wrap elementor-element-populated\">\n\t\t\t\t\t\t\t\t<div class=\"elementor-element elementor-element-65c5bce elementor-widget elementor-widget-image\" data-id=\"65c5bce\" data-element_type=\"widget\" data-widget_type=\"image.default\">\n\t\t\t\t<div class=\"elementor-widget-container\">\n\t\t\t\t\t\t\t\t\t\t\t\t\t\t\t<img loading=\"lazy\" decoding=\"async\" width=\"768\" height=\"1024\" src=\"https:\/\/www.lieblingsmalerei.de\/wp-content\/uploads\/2023\/05\/image00050-768x1024.jpeg\" class=\"attachment-large size-large\" alt=\"\" srcset=\"https:\/\/www.lieblingsmalerei.de\/wp-content\/uploads\/2023\/05\/image00050-768x1024.jpeg 768w, https:\/\/www.lieblingsmalerei.de\/wp-content\/uploads\/2023\/05\/image00050-600x800.jpeg 600w, https:\/\/www.lieblingsmalerei.de\/wp-content\/uploads\/2023\/05\/image00050-225x300.jpeg 225w, https:\/\/www.lieblingsmalerei.de\/wp-content\/uploads\/2023\/05\/image00050-1152x1536.jpeg 1152w, https:\/\/www.lieblingsmalerei.de\/wp-content\/uploads\/2023\/05\/image00050-45x60.jpeg 45w, https:\/\/www.lieblingsmalerei.de\/wp-content\/uploads\/2023\/05\/image00050.jpeg 1536w\" sizes=\"(max-width: 768px) 100vw, 768px\" \/>\t\t\t\t\t\t\t\t\t\t\t\t\t\t\t<\/div>\n\t\t\t\t<\/div>\n\t\t\t\t\t<\/div>\n\t\t<\/div>\n\t\t\t\t<div class=\"elementor-column elementor-col-50 elementor-top-column elementor-element elementor-element-86ff597\" data-id=\"86ff597\" data-element_type=\"column\">\n\t\t\t<div class=\"elementor-widget-wrap elementor-element-populated\">\n\t\t\t\t\t\t\t\t<div class=\"elementor-element elementor-element-909c47a elementor-widget elementor-widget-text-editor\" data-id=\"909c47a\" data-element_type=\"widget\" data-widget_type=\"text-editor.default\">\n\t\t\t\t<div class=\"elementor-widget-container\">\n\t\t\t\t\t\t\t<p>Preise f\u00fcr bemalte Schiefertafeln mit einem Tierportrait<\/p>\n<p><strong>Gr\u00f6\u00dfe: ca. 30 cm &#8211; 49,99 \u20ac<\/strong>&nbsp;<\/p>\n<p>Die Preise gelten pro Motiv auf einer Kunstschieferplatte. Bei einem weiteren Motiv auf denselben Platte fallen pro weiteres Motiv +30,00\u20ac an.<\/p>\n<p>Versand kostet einmalig deutschlandweit 4,90 \u20ac<\/p>\n<p><span style=\"color: var( --e-global-color-text ); font-family: var( --e-global-typography-text-font-family ), Sans-serif;\"><b>Die Platten werden mit Bohrung und wei\u00dfer Kordel versendet.&nbsp;<\/b><\/span><\/p>\n<p><span style=\"color: var( --e-global-color-text ); font-family: var( --e-global-typography-text-font-family ), Sans-serif;\"><b>Die ovale Form kann auf Wunsch und einem Aufpreis von 5,00\u20ac anstelle einem Bohrloch und Kordel mit einem passenden St\u00e4nder versendet werden.&nbsp;<\/b><\/span><\/p>\n<p><\/p>\t\t\t\t\t\t<\/div>\n\t\t\t\t<\/div>\n\t\t\t\t<div class=\"elementor-element elementor-element-46b8857 elementor-widget elementor-widget-image\" data-id=\"46b8857\" data-element_type=\"widget\" data-widget_type=\"image.default\">\n\t\t\t\t<div class=\"elementor-widget-container\">\n\t\t\t\t\t\t\t\t\t\t\t\t\t\t\t<img loading=\"lazy\" decoding=\"async\" width=\"400\" height=\"230\" src=\"https:\/\/www.lieblingsmalerei.de\/wp-content\/uploads\/2021\/10\/IMG_6856-400x230.jpg\" class=\"attachment-blossom-fashion-featured size-blossom-fashion-featured\" alt=\"\" \/>\t\t\t\t\t\t\t\t\t\t\t\t\t\t\t<\/div>\n\t\t\t\t<\/div>\n\t\t\t\t<div class=\"elementor-element elementor-element-ef6391a elementor-widget elementor-widget-text-editor\" data-id=\"ef6391a\" data-element_type=\"widget\" data-widget_type=\"text-editor.default\">\n\t\t\t\t<div class=\"elementor-widget-container\">\n\t\t\t\t\t\t\t\t\t\t\t\t\t<\/div>\n\t\t\t\t<\/div>\n\t\t\t\t\t<\/div>\n\t\t<\/div>\n\t\t\t\t\t\t\t<\/div>\n\t\t<\/section>\n\t\t\t\t<section class=\"elementor-section elementor-top-section elementor-element elementor-element-ed97cc7 elementor-section-boxed elementor-section-height-default elementor-section-height-default\" data-id=\"ed97cc7\" data-element_type=\"section\">\n\t\t\t\t\t\t<div class=\"elementor-container elementor-column-gap-default\">\n\t\t\t\t\t<div class=\"elementor-column elementor-col-100 elementor-top-column elementor-element elementor-element-7e34d9f\" data-id=\"7e34d9f\" data-element_type=\"column\">\n\t\t\t<div class=\"elementor-widget-wrap elementor-element-populated\">\n\t\t\t\t\t\t\t\t<div class=\"elementor-element elementor-element-12fbe3e elementor-widget-divider--view-line elementor-widget elementor-widget-divider\" data-id=\"12fbe3e\" data-element_type=\"widget\" data-widget_type=\"divider.default\">\n\t\t\t\t<div class=\"elementor-widget-container\">\n\t\t\t\t\t<div class=\"elementor-divider\">\n\t\t\t<span class=\"elementor-divider-separator\">\n\t\t\t\t\t\t<\/span>\n\t\t<\/div>\n\t\t\t\t<\/div>\n\t\t\t\t<\/div>\n\t\t\t\t\t<\/div>\n\t\t<\/div>\n\t\t\t\t\t\t\t<\/div>\n\t\t<\/section>\n\t\t\t\t\t\t\t<\/div>\n\t\t","protected":false},"excerpt":{"rendered":"<p>Preise f\u00fcr bemalte Steine mit einem Tierportrait Gr\u00f6\u00dfe: ca. 10 cm &#8211; 44,99 \u20ac&nbsp; Gr\u00f6\u00dfe: ca. 14 cm &#8211; 49,99 \u20ac&nbsp; Die Preise gelten pro Motiv auf einem Stein. Bei einem weiteren Motiv auf denselben Stein (geht nur ab einer Gr\u00f6\u00dfe von 14 cm) fallen pro weiteres Motiv +30,00\u20ac an. Versand kostet einmalig deutschlandweit 4,90 &hellip; <\/p>\n","protected":false},"author":1,"featured_media":0,"parent":0,"menu_order":0,"comment_status":"closed","ping_status":"closed","template":"","meta":{"footnotes":""},"class_list":["post-567","page","type-page","status-publish","hentry"],"_links":{"self":[{"href":"https:\/\/www.lieblingsmalerei.de\/herzlich-willkommen\/wp-json\/wp\/v2\/pages\/567"}],"collection":[{"href":"https:\/\/www.lieblingsmalerei.de\/herzlich-willkommen\/wp-json\/wp\/v2\/pages"}],"about":[{"href":"https:\/\/www.lieblingsmalerei.de\/herzlich-willkommen\/wp-json\/wp\/v2\/types\/page"}],"author":[{"embeddable":true,"href":"https:\/\/www.lieblingsmalerei.de\/herzlich-willkommen\/wp-json\/wp\/v2\/users\/1"}],"replies":[{"embeddable":true,"href":"https:\/\/www.lieblingsmalerei.de\/herzlich-willkommen\/wp-json\/wp\/v2\/comments?post=567"}],"version-history":[{"count":13,"href":"https:\/\/www.lieblingsmalerei.de\/herzlich-willkommen\/wp-json\/wp\/v2\/pages\/567\/revisions"}],"predecessor-version":[{"id":669,"href":"https:\/\/www.lieblingsmalerei.de\/herzlich-willkommen\/wp-json\/wp\/v2\/pages\/567\/revisions\/669"}],"wp:attachment":[{"href":"https:\/\/www.lieblingsmalerei.de\/herzlich-willkommen\/wp-json\/wp\/v2\/media?parent=567"}],"curies":[{"name":"wp","href":"https:\/\/api.w.org\/{rel}","templated":true}]}}