{"id":579,"date":"2023-05-11T13:36:35","date_gmt":"2023-05-11T13:36:35","guid":{"rendered":"https:\/\/www.lieblingsmalerei.de\/herzlich-willkommen\/?page_id=579"},"modified":"2023-05-11T14:41:32","modified_gmt":"2023-05-11T14:41:32","slug":"preis-pakete","status":"publish","type":"page","link":"https:\/\/www.lieblingsmalerei.de\/herzlich-willkommen\/preis-pakete\/","title":{"rendered":"Preis-Pakete"},"content":{"rendered":"\t\t<div data-elementor-type=\"wp-page\" data-elementor-id=\"579\" class=\"elementor elementor-579\">\n\t\t\t\t\t\t\t\t\t<section class=\"elementor-section elementor-top-section elementor-element elementor-element-a0f182e elementor-section-boxed elementor-section-height-default elementor-section-height-default\" data-id=\"a0f182e\" data-element_type=\"section\">\n\t\t\t\t\t\t<div class=\"elementor-container elementor-column-gap-default\">\n\t\t\t\t\t<div class=\"elementor-column elementor-col-33 elementor-top-column elementor-element elementor-element-999d6ae\" data-id=\"999d6ae\" data-element_type=\"column\">\n\t\t\t<div class=\"elementor-widget-wrap elementor-element-populated\">\n\t\t\t\t\t\t\t\t<div class=\"elementor-element elementor-element-abaee5d elementor-widget elementor-widget-image\" data-id=\"abaee5d\" data-element_type=\"widget\" data-widget_type=\"image.default\">\n\t\t\t\t<div class=\"elementor-widget-container\">\n\t\t\t<style>\/*! elementor - v3.8.0 - 30-10-2022 *\/\n.elementor-widget-image{text-align:center}.elementor-widget-image a{display:inline-block}.elementor-widget-image a img[src$=\".svg\"]{width:48px}.elementor-widget-image img{vertical-align:middle;display:inline-block}<\/style>\t\t\t\t\t\t\t\t\t\t\t\t<img loading=\"lazy\" decoding=\"async\" width=\"925\" height=\"287\" src=\"https:\/\/www.lieblingsmalerei.de\/wp-content\/uploads\/2023\/05\/Logo_final-1024x318.jpg\" class=\"attachment-large size-large\" alt=\"\" srcset=\"https:\/\/www.lieblingsmalerei.de\/wp-content\/uploads\/2023\/05\/Logo_final-1024x318.jpg 1024w, https:\/\/www.lieblingsmalerei.de\/wp-content\/uploads\/2023\/05\/Logo_final-600x186.jpg 600w, https:\/\/www.lieblingsmalerei.de\/wp-content\/uploads\/2023\/05\/Logo_final-300x93.jpg 300w, https:\/\/www.lieblingsmalerei.de\/wp-content\/uploads\/2023\/05\/Logo_final-768x238.jpg 768w, https:\/\/www.lieblingsmalerei.de\/wp-content\/uploads\/2023\/05\/Logo_final-1536x476.jpg 1536w, https:\/\/www.lieblingsmalerei.de\/wp-content\/uploads\/2023\/05\/Logo_final-2048x635.jpg 2048w, https:\/\/www.lieblingsmalerei.de\/wp-content\/uploads\/2023\/05\/Logo_final-193x60.jpg 193w\" sizes=\"(max-width: 925px) 100vw, 925px\" \/>\t\t\t\t\t\t\t\t\t\t\t\t\t\t\t<\/div>\n\t\t\t\t<\/div>\n\t\t\t\t<div class=\"elementor-element elementor-element-d8cc9f5 elementor-widget elementor-widget-image\" data-id=\"d8cc9f5\" data-element_type=\"widget\" data-widget_type=\"image.default\">\n\t\t\t\t<div class=\"elementor-widget-container\">\n\t\t\t\t\t\t\t\t\t\t\t\t\t\t\t<img loading=\"lazy\" decoding=\"async\" width=\"925\" height=\"614\" src=\"https:\/\/www.lieblingsmalerei.de\/wp-content\/uploads\/2023\/05\/buch-maria-Kopie-1024x680.jpg\" class=\"attachment-large size-large\" alt=\"\" srcset=\"https:\/\/www.lieblingsmalerei.de\/wp-content\/uploads\/2023\/05\/buch-maria-Kopie-1024x680.jpg 1024w, https:\/\/www.lieblingsmalerei.de\/wp-content\/uploads\/2023\/05\/buch-maria-Kopie-600x398.jpg 600w, https:\/\/www.lieblingsmalerei.de\/wp-content\/uploads\/2023\/05\/buch-maria-Kopie-300x199.jpg 300w, https:\/\/www.lieblingsmalerei.de\/wp-content\/uploads\/2023\/05\/buch-maria-Kopie-768x510.jpg 768w, https:\/\/www.lieblingsmalerei.de\/wp-content\/uploads\/2023\/05\/buch-maria-Kopie-1536x1019.jpg 1536w, https:\/\/www.lieblingsmalerei.de\/wp-content\/uploads\/2023\/05\/buch-maria-Kopie-2048x1359.jpg 2048w, https:\/\/www.lieblingsmalerei.de\/wp-content\/uploads\/2023\/05\/buch-maria-Kopie-90x60.jpg 90w\" sizes=\"(max-width: 925px) 100vw, 925px\" \/>\t\t\t\t\t\t\t\t\t\t\t\t\t\t\t<\/div>\n\t\t\t\t<\/div>\n\t\t\t\t\t<\/div>\n\t\t<\/div>\n\t\t\t\t<div class=\"elementor-column elementor-col-33 elementor-top-column elementor-element elementor-element-b40b676\" data-id=\"b40b676\" data-element_type=\"column\">\n\t\t\t<div class=\"elementor-widget-wrap\">\n\t\t\t\t\t\t\t\t\t<\/div>\n\t\t<\/div>\n\t\t\t\t<div class=\"elementor-column elementor-col-33 elementor-top-column elementor-element elementor-element-087c8bb\" data-id=\"087c8bb\" data-element_type=\"column\">\n\t\t\t<div class=\"elementor-widget-wrap elementor-element-populated\">\n\t\t\t\t\t\t\t\t<div class=\"elementor-element elementor-element-bcd3fc9 elementor-widget elementor-widget-text-editor\" data-id=\"bcd3fc9\" data-element_type=\"widget\" data-widget_type=\"text-editor.default\">\n\t\t\t\t<div class=\"elementor-widget-container\">\n\t\t\t<style>\/*! elementor - v3.8.0 - 30-10-2022 *\/\n.elementor-widget-text-editor.elementor-drop-cap-view-stacked .elementor-drop-cap{background-color:#818a91;color:#fff}.elementor-widget-text-editor.elementor-drop-cap-view-framed .elementor-drop-cap{color:#818a91;border:3px solid;background-color:transparent}.elementor-widget-text-editor:not(.elementor-drop-cap-view-default) .elementor-drop-cap{margin-top:8px}.elementor-widget-text-editor:not(.elementor-drop-cap-view-default) .elementor-drop-cap-letter{width:1em;height:1em}.elementor-widget-text-editor .elementor-drop-cap{float:left;text-align:center;line-height:1;font-size:50px}.elementor-widget-text-editor .elementor-drop-cap-letter{display:inline-block}<\/style>\t\t\t\t<p>&#8211; Logoentwicklung &#8211;\u00a0<\/p><p><strong>FESTPREIS &#8211;\u00a0<span style=\"color: var( --e-global-color-text ); font-family: var( --e-global-typography-text-font-family ), Sans-serif;\">100\u20ac (privat Personen &amp; Kleingewerbe) \/\/ <\/span><span style=\"color: var( --e-global-color-text ); font-family: var( --e-global-typography-text-font-family ), Sans-serif;\">250 \u20ac (mittelst\u00e4ndisches unternehmen)\u00a0<\/span><\/strong><\/p><p>Nachdem ich ein paar Infos und deine W\u00fcnsche f\u00fcr das Logo von dir \u00fcber deine Firma oder deinem Kleinbetrieb\u00a0<span style=\"color: var( --e-global-color-text ); font-family: var( --e-global-typography-text-font-family ), Sans-serif; font-weight: var( --e-global-typography-text-font-weight );\">bekommen habe &#8211; schicke ich dir einige Vorschl\u00e4ge f\u00fcr dein Logo.\u00a0<\/span><\/p><p><span style=\"color: var( --e-global-color-text ); font-family: var( --e-global-typography-text-font-family ), Sans-serif; font-weight: var( --e-global-typography-text-font-weight );\">Gef\u00e4llt dir eins der Vorschl\u00e4ge geht es in die n\u00e4chste Runde &#8211; Farben werden angepasst &#8211; Formen erg\u00e4nzt&#8230;<\/span><\/p><p><span style=\"color: var( --e-global-color-text ); font-family: var( --e-global-typography-text-font-family ), Sans-serif; font-weight: var( --e-global-typography-text-font-weight );\">Nach weiteren Absprachen mit dir folgt nach einigen Korrekturen dann am Ende der Feinschliff.<\/span><\/p><p><span style=\"color: var( --e-global-color-text ); font-family: var( --e-global-typography-text-font-family ), Sans-serif; font-weight: var( --e-global-typography-text-font-weight );\">Du bekommst dein Logo als Vektor-Datei. Das hei\u00dft, du kannst sie beliebig verwenden, z.B. f\u00fcr Textiliendruck, Fahrzeugbeschriftung, weitere Druckdateien etc.).<\/span><\/p>\t\t\t\t\t\t<\/div>\n\t\t\t\t<\/div>\n\t\t\t\t\t<\/div>\n\t\t<\/div>\n\t\t\t\t\t\t\t<\/div>\n\t\t<\/section>\n\t\t\t\t<section class=\"elementor-section elementor-top-section elementor-element elementor-element-39b76e9 elementor-section-boxed elementor-section-height-default elementor-section-height-default\" data-id=\"39b76e9\" data-element_type=\"section\">\n\t\t\t\t\t\t<div class=\"elementor-container elementor-column-gap-default\">\n\t\t\t\t\t<div class=\"elementor-column elementor-col-100 elementor-top-column elementor-element elementor-element-5b242f3\" data-id=\"5b242f3\" data-element_type=\"column\">\n\t\t\t<div class=\"elementor-widget-wrap elementor-element-populated\">\n\t\t\t\t\t\t\t\t<div class=\"elementor-element elementor-element-c7af1b4 elementor-widget-divider--view-line elementor-widget elementor-widget-divider\" data-id=\"c7af1b4\" data-element_type=\"widget\" data-widget_type=\"divider.default\">\n\t\t\t\t<div class=\"elementor-widget-container\">\n\t\t\t<style>\/*! elementor - v3.8.0 - 30-10-2022 *\/\n.elementor-widget-divider{--divider-border-style:none;--divider-border-width:1px;--divider-color:#2c2c2c;--divider-icon-size:20px;--divider-element-spacing:10px;--divider-pattern-height:24px;--divider-pattern-size:20px;--divider-pattern-url:none;--divider-pattern-repeat:repeat-x}.elementor-widget-divider .elementor-divider{display:-webkit-box;display:-ms-flexbox;display:flex}.elementor-widget-divider .elementor-divider__text{font-size:15px;line-height:1;max-width:95%}.elementor-widget-divider .elementor-divider__element{margin:0 var(--divider-element-spacing);-ms-flex-negative:0;flex-shrink:0}.elementor-widget-divider .elementor-icon{font-size:var(--divider-icon-size)}.elementor-widget-divider .elementor-divider-separator{display:-webkit-box;display:-ms-flexbox;display:flex;margin:0;direction:ltr}.elementor-widget-divider--view-line_icon .elementor-divider-separator,.elementor-widget-divider--view-line_text .elementor-divider-separator{-webkit-box-align:center;-ms-flex-align:center;align-items:center}.elementor-widget-divider--view-line_icon .elementor-divider-separator:after,.elementor-widget-divider--view-line_icon .elementor-divider-separator:before,.elementor-widget-divider--view-line_text .elementor-divider-separator:after,.elementor-widget-divider--view-line_text .elementor-divider-separator:before{display:block;content:\"\";border-bottom:0;-webkit-box-flex:1;-ms-flex-positive:1;flex-grow:1;border-top:var(--divider-border-width) var(--divider-border-style) var(--divider-color)}.elementor-widget-divider--element-align-left .elementor-divider .elementor-divider-separator>.elementor-divider__svg:first-of-type{-webkit-box-flex:0;-ms-flex-positive:0;flex-grow:0;-ms-flex-negative:100;flex-shrink:100}.elementor-widget-divider--element-align-left .elementor-divider-separator:before{content:none}.elementor-widget-divider--element-align-left .elementor-divider__element{margin-left:0}.elementor-widget-divider--element-align-right .elementor-divider .elementor-divider-separator>.elementor-divider__svg:last-of-type{-webkit-box-flex:0;-ms-flex-positive:0;flex-grow:0;-ms-flex-negative:100;flex-shrink:100}.elementor-widget-divider--element-align-right .elementor-divider-separator:after{content:none}.elementor-widget-divider--element-align-right .elementor-divider__element{margin-right:0}.elementor-widget-divider:not(.elementor-widget-divider--view-line_text):not(.elementor-widget-divider--view-line_icon) .elementor-divider-separator{border-top:var(--divider-border-width) var(--divider-border-style) var(--divider-color)}.elementor-widget-divider--separator-type-pattern{--divider-border-style:none}.elementor-widget-divider--separator-type-pattern.elementor-widget-divider--view-line .elementor-divider-separator,.elementor-widget-divider--separator-type-pattern:not(.elementor-widget-divider--view-line) .elementor-divider-separator:after,.elementor-widget-divider--separator-type-pattern:not(.elementor-widget-divider--view-line) .elementor-divider-separator:before,.elementor-widget-divider--separator-type-pattern:not([class*=elementor-widget-divider--view]) .elementor-divider-separator{width:100%;min-height:var(--divider-pattern-height);-webkit-mask-size:var(--divider-pattern-size) 100%;mask-size:var(--divider-pattern-size) 100%;-webkit-mask-repeat:var(--divider-pattern-repeat);mask-repeat:var(--divider-pattern-repeat);background-color:var(--divider-color);-webkit-mask-image:var(--divider-pattern-url);mask-image:var(--divider-pattern-url)}.elementor-widget-divider--no-spacing{--divider-pattern-size:auto}.elementor-widget-divider--bg-round{--divider-pattern-repeat:round}.rtl .elementor-widget-divider .elementor-divider__text{direction:rtl}.e-con-inner>.elementor-widget-divider,.e-con>.elementor-widget-divider{width:var(--container-widget-width,100%)}<\/style>\t\t<div class=\"elementor-divider\">\n\t\t\t<span class=\"elementor-divider-separator\">\n\t\t\t\t\t\t<\/span>\n\t\t<\/div>\n\t\t\t\t<\/div>\n\t\t\t\t<\/div>\n\t\t\t\t\t<\/div>\n\t\t<\/div>\n\t\t\t\t\t\t\t<\/div>\n\t\t<\/section>\n\t\t\t\t<section class=\"elementor-section elementor-top-section elementor-element elementor-element-fbdc97e elementor-section-boxed elementor-section-height-default elementor-section-height-default\" data-id=\"fbdc97e\" data-element_type=\"section\">\n\t\t\t\t\t\t<div class=\"elementor-container elementor-column-gap-default\">\n\t\t\t\t\t<div class=\"elementor-column elementor-col-25 elementor-top-column elementor-element elementor-element-6b7f9ab\" data-id=\"6b7f9ab\" data-element_type=\"column\">\n\t\t\t<div class=\"elementor-widget-wrap elementor-element-populated\">\n\t\t\t\t\t\t\t\t<div class=\"elementor-element elementor-element-836e592 elementor-widget elementor-widget-image\" data-id=\"836e592\" data-element_type=\"widget\" data-widget_type=\"image.default\">\n\t\t\t\t<div class=\"elementor-widget-container\">\n\t\t\t\t\t\t\t\t\t\t\t\t\t\t\t<img loading=\"lazy\" decoding=\"async\" width=\"925\" height=\"629\" src=\"https:\/\/www.lieblingsmalerei.de\/wp-content\/uploads\/2023\/05\/visit-ansicht-maria-Kopie1-1024x696.jpg\" class=\"attachment-large size-large\" alt=\"\" srcset=\"https:\/\/www.lieblingsmalerei.de\/wp-content\/uploads\/2023\/05\/visit-ansicht-maria-Kopie1-1024x696.jpg 1024w, https:\/\/www.lieblingsmalerei.de\/wp-content\/uploads\/2023\/05\/visit-ansicht-maria-Kopie1-600x408.jpg 600w, https:\/\/www.lieblingsmalerei.de\/wp-content\/uploads\/2023\/05\/visit-ansicht-maria-Kopie1-300x204.jpg 300w, https:\/\/www.lieblingsmalerei.de\/wp-content\/uploads\/2023\/05\/visit-ansicht-maria-Kopie1-768x522.jpg 768w, https:\/\/www.lieblingsmalerei.de\/wp-content\/uploads\/2023\/05\/visit-ansicht-maria-Kopie1-1536x1043.jpg 1536w, https:\/\/www.lieblingsmalerei.de\/wp-content\/uploads\/2023\/05\/visit-ansicht-maria-Kopie1-2048x1391.jpg 2048w, https:\/\/www.lieblingsmalerei.de\/wp-content\/uploads\/2023\/05\/visit-ansicht-maria-Kopie1-88x60.jpg 88w\" sizes=\"(max-width: 925px) 100vw, 925px\" \/>\t\t\t\t\t\t\t\t\t\t\t\t\t\t\t<\/div>\n\t\t\t\t<\/div>\n\t\t\t\t\t<\/div>\n\t\t<\/div>\n\t\t\t\t<div class=\"elementor-column elementor-col-25 elementor-top-column elementor-element elementor-element-abe937a\" data-id=\"abe937a\" data-element_type=\"column\">\n\t\t\t<div class=\"elementor-widget-wrap elementor-element-populated\">\n\t\t\t\t\t\t\t\t<div class=\"elementor-element elementor-element-b3523de elementor-widget elementor-widget-image\" data-id=\"b3523de\" data-element_type=\"widget\" data-widget_type=\"image.default\">\n\t\t\t\t<div class=\"elementor-widget-container\">\n\t\t\t\t\t\t\t\t\t\t\t\t\t\t\t<img loading=\"lazy\" decoding=\"async\" width=\"925\" height=\"694\" src=\"https:\/\/www.lieblingsmalerei.de\/wp-content\/uploads\/2023\/05\/maria-BB-Kopie-1024x768.jpg\" class=\"attachment-large size-large\" alt=\"\" srcset=\"https:\/\/www.lieblingsmalerei.de\/wp-content\/uploads\/2023\/05\/maria-BB-Kopie-1024x768.jpg 1024w, https:\/\/www.lieblingsmalerei.de\/wp-content\/uploads\/2023\/05\/maria-BB-Kopie-scaled-600x450.jpg 600w, https:\/\/www.lieblingsmalerei.de\/wp-content\/uploads\/2023\/05\/maria-BB-Kopie-300x225.jpg 300w, https:\/\/www.lieblingsmalerei.de\/wp-content\/uploads\/2023\/05\/maria-BB-Kopie-768x576.jpg 768w, https:\/\/www.lieblingsmalerei.de\/wp-content\/uploads\/2023\/05\/maria-BB-Kopie-1536x1152.jpg 1536w, https:\/\/www.lieblingsmalerei.de\/wp-content\/uploads\/2023\/05\/maria-BB-Kopie-2048x1536.jpg 2048w, https:\/\/www.lieblingsmalerei.de\/wp-content\/uploads\/2023\/05\/maria-BB-Kopie-80x60.jpg 80w\" sizes=\"(max-width: 925px) 100vw, 925px\" \/>\t\t\t\t\t\t\t\t\t\t\t\t\t\t\t<\/div>\n\t\t\t\t<\/div>\n\t\t\t\t\t<\/div>\n\t\t<\/div>\n\t\t\t\t<div class=\"elementor-column elementor-col-25 elementor-top-column elementor-element elementor-element-cd31a52\" data-id=\"cd31a52\" data-element_type=\"column\">\n\t\t\t<div class=\"elementor-widget-wrap\">\n\t\t\t\t\t\t\t\t\t<\/div>\n\t\t<\/div>\n\t\t\t\t<div class=\"elementor-column elementor-col-25 elementor-top-column elementor-element elementor-element-314bea3\" data-id=\"314bea3\" data-element_type=\"column\">\n\t\t\t<div class=\"elementor-widget-wrap elementor-element-populated\">\n\t\t\t\t\t\t\t\t<div class=\"elementor-element elementor-element-9859571 elementor-widget elementor-widget-text-editor\" data-id=\"9859571\" data-element_type=\"widget\" data-widget_type=\"text-editor.default\">\n\t\t\t\t<div class=\"elementor-widget-container\">\n\t\t\t\t\t\t\t<p>&#8211; Druckgestaltung &#8211;<\/p><p><strong>Preis pro Stunde &#8211; 30\u20ac (privat Personen &amp; Kleingewerbe) \/\/ 60\u20ac (mittelst\u00e4ndischen Unternehmen)\u00a0<\/strong><\/p><p>Erstellung von Visitenkarten, Briefb\u00f6gen, Plakaten, Flyer.<\/p><p><strong>Achtung:<\/strong>\u00a0Der Preis gilt nur f\u00fcr die Erstellung der Druckdatei + Originaldatei.\u00a0<span style=\"color: var( --e-global-color-text ); font-family: var( --e-global-typography-text-font-family ), Sans-serif; font-weight: var( --e-global-typography-text-font-weight );\"><br \/>Der Druck muss selbst \u00fcbernommen und organisiert werden.\u00a0\u00a0<\/span><\/p>\t\t\t\t\t\t<\/div>\n\t\t\t\t<\/div>\n\t\t\t\t\t<\/div>\n\t\t<\/div>\n\t\t\t\t\t\t\t<\/div>\n\t\t<\/section>\n\t\t\t\t<section class=\"elementor-section elementor-top-section elementor-element elementor-element-fe232a7 elementor-section-boxed elementor-section-height-default elementor-section-height-default\" data-id=\"fe232a7\" data-element_type=\"section\">\n\t\t\t\t\t\t<div class=\"elementor-container elementor-column-gap-default\">\n\t\t\t\t\t<div class=\"elementor-column elementor-col-100 elementor-top-column elementor-element elementor-element-dc34852\" data-id=\"dc34852\" data-element_type=\"column\">\n\t\t\t<div class=\"elementor-widget-wrap elementor-element-populated\">\n\t\t\t\t\t\t\t\t<div class=\"elementor-element elementor-element-7ff4dc4 elementor-widget-divider--view-line elementor-widget elementor-widget-divider\" data-id=\"7ff4dc4\" data-element_type=\"widget\" data-widget_type=\"divider.default\">\n\t\t\t\t<div class=\"elementor-widget-container\">\n\t\t\t\t\t<div class=\"elementor-divider\">\n\t\t\t<span class=\"elementor-divider-separator\">\n\t\t\t\t\t\t<\/span>\n\t\t<\/div>\n\t\t\t\t<\/div>\n\t\t\t\t<\/div>\n\t\t\t\t\t<\/div>\n\t\t<\/div>\n\t\t\t\t\t\t\t<\/div>\n\t\t<\/section>\n\t\t\t\t<section class=\"elementor-section elementor-top-section elementor-element elementor-element-fcd59cf elementor-section-boxed elementor-section-height-default elementor-section-height-default\" data-id=\"fcd59cf\" data-element_type=\"section\">\n\t\t\t\t\t\t<div class=\"elementor-container elementor-column-gap-default\">\n\t\t\t\t\t<div class=\"elementor-column elementor-col-100 elementor-top-column elementor-element elementor-element-caa1aeb\" data-id=\"caa1aeb\" data-element_type=\"column\">\n\t\t\t<div class=\"elementor-widget-wrap elementor-element-populated\">\n\t\t\t\t\t\t\t\t<div class=\"elementor-element elementor-element-ecb16d8 elementor-widget elementor-widget-text-editor\" data-id=\"ecb16d8\" data-element_type=\"widget\" data-widget_type=\"text-editor.default\">\n\t\t\t\t<div class=\"elementor-widget-container\">\n\t\t\t\t\t\t\t<p>Gerne erstelle ich dir ein unverbindliches Angebot. Meld dich einfach per <a href=\"mailto:info@lieblingsmalerei.de\">E-Mail.<\/a><\/p>\t\t\t\t\t\t<\/div>\n\t\t\t\t<\/div>\n\t\t\t\t\t<\/div>\n\t\t<\/div>\n\t\t\t\t\t\t\t<\/div>\n\t\t<\/section>\n\t\t\t\t<section class=\"elementor-section elementor-top-section elementor-element elementor-element-b67a251 elementor-section-boxed elementor-section-height-default elementor-section-height-default\" data-id=\"b67a251\" data-element_type=\"section\">\n\t\t\t\t\t\t<div class=\"elementor-container elementor-column-gap-default\">\n\t\t\t\t\t<div class=\"elementor-column elementor-col-100 elementor-top-column elementor-element elementor-element-bea869c\" data-id=\"bea869c\" data-element_type=\"column\">\n\t\t\t<div class=\"elementor-widget-wrap elementor-element-populated\">\n\t\t\t\t\t\t\t\t<div class=\"elementor-element elementor-element-571ac3e elementor-widget-divider--view-line elementor-widget elementor-widget-divider\" data-id=\"571ac3e\" data-element_type=\"widget\" data-widget_type=\"divider.default\">\n\t\t\t\t<div class=\"elementor-widget-container\">\n\t\t\t\t\t<div class=\"elementor-divider\">\n\t\t\t<span class=\"elementor-divider-separator\">\n\t\t\t\t\t\t<\/span>\n\t\t<\/div>\n\t\t\t\t<\/div>\n\t\t\t\t<\/div>\n\t\t\t\t\t<\/div>\n\t\t<\/div>\n\t\t\t\t\t\t\t<\/div>\n\t\t<\/section>\n\t\t\t\t<section class=\"elementor-section elementor-top-section elementor-element elementor-element-71d5ada elementor-section-boxed elementor-section-height-default elementor-section-height-default\" data-id=\"71d5ada\" data-element_type=\"section\">\n\t\t\t\t\t\t<div class=\"elementor-container elementor-column-gap-default\">\n\t\t\t\t\t<div class=\"elementor-column elementor-col-50 elementor-top-column elementor-element elementor-element-12cb7bf\" data-id=\"12cb7bf\" data-element_type=\"column\">\n\t\t\t<div class=\"elementor-widget-wrap elementor-element-populated\">\n\t\t\t\t\t\t\t\t<div class=\"elementor-element elementor-element-5a19293 elementor-widget elementor-widget-image\" data-id=\"5a19293\" data-element_type=\"widget\" data-widget_type=\"image.default\">\n\t\t\t\t<div class=\"elementor-widget-container\">\n\t\t\t\t\t\t\t\t\t\t\t\t\t\t\t<img loading=\"lazy\" decoding=\"async\" width=\"925\" height=\"379\" src=\"https:\/\/www.lieblingsmalerei.de\/wp-content\/uploads\/2023\/05\/irish-pub-gesamt-Kopie-1024x420.jpg\" class=\"attachment-large size-large\" alt=\"\" srcset=\"https:\/\/www.lieblingsmalerei.de\/wp-content\/uploads\/2023\/05\/irish-pub-gesamt-Kopie-1024x420.jpg 1024w, https:\/\/www.lieblingsmalerei.de\/wp-content\/uploads\/2023\/05\/irish-pub-gesamt-Kopie-scaled-600x246.jpg 600w, https:\/\/www.lieblingsmalerei.de\/wp-content\/uploads\/2023\/05\/irish-pub-gesamt-Kopie-300x123.jpg 300w, https:\/\/www.lieblingsmalerei.de\/wp-content\/uploads\/2023\/05\/irish-pub-gesamt-Kopie-768x315.jpg 768w, https:\/\/www.lieblingsmalerei.de\/wp-content\/uploads\/2023\/05\/irish-pub-gesamt-Kopie-1536x630.jpg 1536w, https:\/\/www.lieblingsmalerei.de\/wp-content\/uploads\/2023\/05\/irish-pub-gesamt-Kopie-2048x840.jpg 2048w, https:\/\/www.lieblingsmalerei.de\/wp-content\/uploads\/2023\/05\/irish-pub-gesamt-Kopie-1320x540.jpg 1320w, https:\/\/www.lieblingsmalerei.de\/wp-content\/uploads\/2023\/05\/irish-pub-gesamt-Kopie-146x60.jpg 146w\" sizes=\"(max-width: 925px) 100vw, 925px\" \/>\t\t\t\t\t\t\t\t\t\t\t\t\t\t\t<\/div>\n\t\t\t\t<\/div>\n\t\t\t\t\t<\/div>\n\t\t<\/div>\n\t\t\t\t<div class=\"elementor-column elementor-col-50 elementor-top-column elementor-element elementor-element-0ef2d2a\" data-id=\"0ef2d2a\" data-element_type=\"column\">\n\t\t\t<div class=\"elementor-widget-wrap elementor-element-populated\">\n\t\t\t\t\t\t\t\t<div class=\"elementor-element elementor-element-fd503e4 elementor-widget elementor-widget-image\" data-id=\"fd503e4\" data-element_type=\"widget\" data-widget_type=\"image.default\">\n\t\t\t\t<div class=\"elementor-widget-container\">\n\t\t\t\t\t\t\t\t\t\t\t\t\t\t\t<img loading=\"lazy\" decoding=\"async\" width=\"925\" height=\"649\" src=\"https:\/\/www.lieblingsmalerei.de\/wp-content\/uploads\/2023\/05\/pub-plakat-Kopie-1024x718.jpg\" class=\"attachment-large size-large\" alt=\"\" srcset=\"https:\/\/www.lieblingsmalerei.de\/wp-content\/uploads\/2023\/05\/pub-plakat-Kopie-1024x718.jpg 1024w, https:\/\/www.lieblingsmalerei.de\/wp-content\/uploads\/2023\/05\/pub-plakat-Kopie-scaled-600x421.jpg 600w, https:\/\/www.lieblingsmalerei.de\/wp-content\/uploads\/2023\/05\/pub-plakat-Kopie-300x210.jpg 300w, https:\/\/www.lieblingsmalerei.de\/wp-content\/uploads\/2023\/05\/pub-plakat-Kopie-768x538.jpg 768w, https:\/\/www.lieblingsmalerei.de\/wp-content\/uploads\/2023\/05\/pub-plakat-Kopie-1536x1077.jpg 1536w, https:\/\/www.lieblingsmalerei.de\/wp-content\/uploads\/2023\/05\/pub-plakat-Kopie-2048x1436.jpg 2048w, https:\/\/www.lieblingsmalerei.de\/wp-content\/uploads\/2023\/05\/pub-plakat-Kopie-86x60.jpg 86w\" sizes=\"(max-width: 925px) 100vw, 925px\" \/>\t\t\t\t\t\t\t\t\t\t\t\t\t\t\t<\/div>\n\t\t\t\t<\/div>\n\t\t\t\t\t<\/div>\n\t\t<\/div>\n\t\t\t\t\t\t\t<\/div>\n\t\t<\/section>\n\t\t\t\t\t\t\t<\/div>\n\t\t","protected":false},"excerpt":{"rendered":"<p>&#8211; Logoentwicklung &#8211;\u00a0 FESTPREIS &#8211;\u00a0100\u20ac (privat Personen &amp; Kleingewerbe) \/\/ 250 \u20ac (mittelst\u00e4ndisches unternehmen)\u00a0 Nachdem ich ein paar Infos und deine W\u00fcnsche f\u00fcr das Logo von dir \u00fcber deine Firma oder deinem Kleinbetrieb\u00a0bekommen habe &#8211; schicke ich dir einige Vorschl\u00e4ge f\u00fcr dein Logo.\u00a0 Gef\u00e4llt dir eins der Vorschl\u00e4ge geht es in die n\u00e4chste Runde &#8211; &hellip; <\/p>\n","protected":false},"author":1,"featured_media":0,"parent":0,"menu_order":0,"comment_status":"closed","ping_status":"closed","template":"","meta":{"footnotes":""},"class_list":["post-579","page","type-page","status-publish","hentry"],"_links":{"self":[{"href":"https:\/\/www.lieblingsmalerei.de\/herzlich-willkommen\/wp-json\/wp\/v2\/pages\/579"}],"collection":[{"href":"https:\/\/www.lieblingsmalerei.de\/herzlich-willkommen\/wp-json\/wp\/v2\/pages"}],"about":[{"href":"https:\/\/www.lieblingsmalerei.de\/herzlich-willkommen\/wp-json\/wp\/v2\/types\/page"}],"author":[{"embeddable":true,"href":"https:\/\/www.lieblingsmalerei.de\/herzlich-willkommen\/wp-json\/wp\/v2\/users\/1"}],"replies":[{"embeddable":true,"href":"https:\/\/www.lieblingsmalerei.de\/herzlich-willkommen\/wp-json\/wp\/v2\/comments?post=579"}],"version-history":[{"count":13,"href":"https:\/\/www.lieblingsmalerei.de\/herzlich-willkommen\/wp-json\/wp\/v2\/pages\/579\/revisions"}],"predecessor-version":[{"id":604,"href":"https:\/\/www.lieblingsmalerei.de\/herzlich-willkommen\/wp-json\/wp\/v2\/pages\/579\/revisions\/604"}],"wp:attachment":[{"href":"https:\/\/www.lieblingsmalerei.de\/herzlich-willkommen\/wp-json\/wp\/v2\/media?parent=579"}],"curies":[{"name":"wp","href":"https:\/\/api.w.org\/{rel}","templated":true}]}}